{"id":30,"date":"2013-02-14T10:07:47","date_gmt":"2013-02-14T01:07:47","guid":{"rendered":"http:\/\/imd.jsy.co.jp\/?page_id=30"},"modified":"2013-09-02T10:48:43","modified_gmt":"2013-09-02T01:48:43","slug":"%e8%a8%ad%e3%80%80%e5%82%99","status":"publish","type":"page","link":"https:\/\/www.imd-sp.co.jp\/?page_id=30","title":{"rendered":"\u8a2d\u3000\u5099"},"content":{"rendered":"<div id=\"contents\">\n<table class=\"style4\">\n<tr>\n<th colspan=\"3\">\u91d1\u578b\u5de5\u5834<\/th>\n<\/tr>\n<tr>\n<td>\u30de\u30ad\u30ce\u30d5\u30e9\u30a4\u30b9\u88fd\u4f5c\u6240\u88fd\u3000\u3000\u3000\u3000\u3000\u3000<br \/>\u3000<\/td>\n<td>\u30de\u30b7\u30cb\u30f3\u30b0\u30bb\u30f3\u30bf\u30fcV33<br \/>NC\u30d5\u30e9\u30a4\u30b9<br \/>\u30de\u30ad\u30ce\u30bf\u30c6\u30d5\u30e9\u30a4\u30b9<br \/>NC\u653e\u96fb<\/td>\n<td>\u00d73<br \/>\u00d73<br \/>\u00d74<br \/>\u00d71<\/td>\n<\/tr>\n<tr>\n<td>\u4e09\u83f1\u96fb\u6a5f\u88fd\u3000<br \/>\u3000<br \/>\u3000<br \/>\u3000<br \/>\u3000<\/td>\n<td>\u30ef\u30a4\u30e4\u30fc\u30ab\u30c3\u30c8<br \/>\u6210\u5f62\u7814\u78e8<br \/>\u5e73\u9762\u7814\u78e8<br \/>\u30e9\u30b8\u30a2\u30eb\u30dc\u30fc\u30eb\u677f<br \/>\u65cb\u76e4<\/td>\n<td>\u00d71<br \/>\u00d72<br \/>\u00d71<br \/>\u00d71<br \/>\u00d71<\/td>\n<\/tr>\n<tr>\n<th colspan=\"3\">CADCAM<\/th>\n<\/tr>\n<tr>\n<td><\/td>\n<td>TOOLS\u3000<br \/>TAMBOY\u3000<br \/>MYPAC\u3000<br \/>OSD\u3000<\/td>\n<td>\u00d71\u3000<br \/>\u00d71\u3000<br \/>\u00d71\u3000<br \/>\u00d71\u3000<\/td>\n<\/tr>\n<tr>\n<th colspan=\"3\">\u6210\u5f62\u5de5\u5834<\/th>\n<\/tr>\n<tr>\n<td>\u96fb\u52d5\u5c04\u51fa\u6210\u5f62\u6a5f\u3000<br \/>\u65e5\u672c\u88fd\u92fc\u88fd\u3000<br \/>\u3000<\/td>\n<td>J110EL\u2161<br \/>J55AD<br \/>J85AD<\/td>\n<td>\u00d73<br \/>\u00d71<br \/>\u00d71<\/td>\n<tr>\n<td>\u6771\u6d0b\u6a5f\u68b0\u91d1\u5c5e\u88fd<br \/>\uff08\u65e5\u672c\u88fd\u92fc\u88fd)<br \/>\u3000<\/td>\n<td>S150\u2161<br \/>J110AD<br \/>J140AD<\/td>\n<td>\u00d71<br \/>\u00d71<br \/>\u00d71<\/td>\n<\/tr>\n<\/table>\n<\/div>\n","protected":false},"excerpt":{"rendered":"<p>\u91d1\u578b\u5de5\u5834 \u30de\u30ad\u30ce\u30d5\u30e9\u30a4\u30b9\u88fd\u4f5c\u6240\u88fd\u3000\u3000\u3000\u3000\u3000\u3000\u3000 \u30de\u30b7\u30cb\u30f3\u30b0\u30bb\u30f3\u30bf\u30fcV33NC\u30d5\u30e9\u30a4\u30b9\u30de\u30ad\u30ce\u30bf\u30c6\u30d5\u30e9\u30a4\u30b9NC\u653e\u96fb \u00d73\u00d73\u00d74\u00d71 \u4e09\u83f1\u96fb\u6a5f\u88fd\u3000\u3000\u3000\u3000\u3000 \u30ef\u30a4\u30e4\u30fc\u30ab\u30c3\u30c8\u6210\u5f62\u7814\u78e8\u5e73\u9762\u7814\u78e8\u30e9\u30b8\u30a2\u30eb\u30dc\u30fc\u30eb\u677f\u65cb\u76e4 \u00d71\u00d72\u00d71\u00d71 [&hellip;]<\/p>\n","protected":false},"author":1,"featured_media":0,"parent":0,"menu_order":0,"comment_status":"open","ping_status":"open","template":"","meta":{"footnotes":""},"class_list":["post-30","page","type-page","status-publish","hentry"],"_links":{"self":[{"href":"https:\/\/www.imd-sp.co.jp\/index.php?rest_route=\/wp\/v2\/pages\/30","targetHints":{"allow":["GET"]}}],"collection":[{"href":"https:\/\/www.imd-sp.co.jp\/index.php?rest_route=\/wp\/v2\/pages"}],"about":[{"href":"https:\/\/www.imd-sp.co.jp\/index.php?rest_route=\/wp\/v2\/types\/page"}],"author":[{"embeddable":true,"href":"https:\/\/www.imd-sp.co.jp\/index.php?rest_route=\/wp\/v2\/users\/1"}],"replies":[{"embeddable":true,"href":"https:\/\/www.imd-sp.co.jp\/index.php?rest_route=%2Fwp%2Fv2%2Fcomments&post=30"}],"version-history":[{"count":1,"href":"https:\/\/www.imd-sp.co.jp\/index.php?rest_route=\/wp\/v2\/pages\/30\/revisions"}],"predecessor-version":[{"id":579,"href":"https:\/\/www.imd-sp.co.jp\/index.php?rest_route=\/wp\/v2\/pages\/30\/revisions\/579"}],"wp:attachment":[{"href":"https:\/\/www.imd-sp.co.jp\/index.php?rest_route=%2Fwp%2Fv2%2Fmedia&parent=30"}],"curies":[{"name":"wp","href":"https:\/\/api.w.org\/{rel}","templated":true}]}}